{"id":25,"date":"2015-07-23T13:31:20","date_gmt":"2015-07-23T11:31:20","guid":{"rendered":"http:\/\/marionety.muzeumhd.cz\/?page_id=25"},"modified":"2019-10-17T11:05:02","modified_gmt":"2019-10-17T09:05:02","slug":"historie","status":"publish","type":"page","link":"https:\/\/marionety.muzeumhd.cz\/index.php\/historie\/?lang=cz","title":{"rendered":"historie"},"content":{"rendered":"<p><strong>Historie loutkov\u00e9ho divadla v Hora\u017e\u010fovic\u00edch<\/strong><\/p>\n<p>&nbsp;<\/p>\n<p>Na podzim roku 1923 Jan Ducho\u0148 zalo\u017eil s n\u011bkolika nad\u0161en\u00fdmi lidmi loutkov\u00e9 divadlo Sokola v Hora\u017e\u010fovic\u00edch.<\/p>\n<p>Vyrobili si sami d\u0159ev\u011bnou skl\u00e1dac\u00ed konstrukci (Bure\u0161 ml.), dekorace na pl\u00e1tn\u011b a oponu (J. Ducho\u0148) a dokonce i loutky o velikosti 50 cm (J. Ducho\u0148, J Zahnbauer). Na loutky u\u0161ily obleky sestry J. Duchon\u011b. Po \u010dtvrt roce p\u0159\u00edprav za\u010dali zkou\u0161et. Prvn\u00edmi spolupracovn\u00edky byly Josef a Emil Zahnbauer a sestra J. Duchon\u011b Helena.<\/p>\n<p>22. 3. 1924 se poprv\u00e9 rozvinula opona \u2013 je\u0161t\u011b trochu vlhk\u00e1 ve formance \u201eNa Modr\u00e9\u201c (dne\u0161n\u00ed hotel Pr\u00e1che\u0148). Prvn\u00ed hrou spolku bylo \u201ePosv\u00edcen\u00ed v Hudlic\u00edch\u201c od Mat\u011bje Kopeck\u00e9ho. Ud\u00e1lo se tak ve st\u0159edu v sedm hodin ve\u010der. D\u011bti platili 50 hal\u00e9\u0159\u016f a dosp\u011bl\u00ed 1 K\u010ds. P\u0159est\u00e1vky vypl\u0148ovala hudba, kterou zaji\u0161\u0165oval Anton\u00edn Nov\u00e1k. V roce 1924 odehr\u00e1lo b\u011bhem jara a l\u00e9ta \u0161est p\u0159edstaven\u00ed. Ve\u0161ker\u00fd pot\u0159ebn\u00fd materi\u00e1l k p\u0159edstaven\u00edm museli loutk\u00e1\u0159i v\u017edy p\u0159in\u00e9st, slo\u017eit a pot\u00e9 znovu slo\u017eit a odnosit z \u201eModr\u00e9\u201c dom\u016f k J. Ducho\u0148ovi.<\/p>\n<p>Za 1 200 K\u010ds p\u016fj\u010den\u00fdch od v\u00fdboru Sokola po\u0159\u00eddili dal\u0161\u00ed 65 cm vysok\u00e9 a p\u011bkn\u011b \u0159ezan\u00e9 loutky od \u0159ezb\u00e1\u0159e K\u00e1by z Jetenovic.<\/p>\n<p>Od podzimu 1924 do jara 1925 odehr\u00e1li loutkoherci 20 p\u0159edstaven\u00ed a jen n\u011bkter\u00e9 hry se opakovali. J. Ducho\u0148 napsal hru \u201eOble\u017een\u00ed m\u011bsta Hora\u017e\u010fovic\u201c, kter\u00e1 m\u011bla premi\u00e9ru 26. 11. 1924. Z dal\u0161\u00edch her jmenujme jen n\u011bkolik \u201eKa\u0161p\u00e1rek u loupe\u017en\u00edk\u016f\u201c, \u201eOld\u0159ich a Bo\u017eena\u201c, \u201eZap\u00e1len\u00ed B\u011blehradu\u201c, \u201eZkrocen\u00ed zl\u00e9 \u017eeny\u201c, \u201eHerkules\u201c, \u201ePonocn\u00fd a stra\u0161idlo\u201c, \u201eZa\u010darovan\u00e9 pras\u00e1tko\u201c, \u201eBavlnka a Rorejs\u201c, \u201eKa\u0161p\u00e1rek, smrt a \u010dert\u201c. Ze st\u0159ede\u010dn\u00edch ve\u010dern\u00edch hodin byla tak\u00e9 p\u0159edstaven\u00ed p\u0159elo\u017eena na ned\u011bli odpoledne, kdy byla dostupn\u011bj\u0161\u00ed d\u011btem.<\/p>\n<p>V t\u00e9to dob\u011b nav\u0161t\u00edvili divadlo Josefa Skupy v Plzni. S J. Skupou se sezn\u00e1mili a \u010derpali od n\u011bj \u0159adu cenn\u00fdch rad. Dostali tak\u00e9 povolen\u00ed hr\u00e1t p\u0159edstaven\u00ed se Spejblem a Hurv\u00ednkem, kter\u00e9 vy\u0159ezal J. Zahnbauer. J. Zahnbauer a J. Ducho\u0148 se z\u00fa\u010dastnili v roce 1925 sjezdu loutk\u00e1\u0159\u016f v Plzni, kde navazovali styky s loutk\u00e1\u0159i, mal\u00ed\u0159i, socha\u0159i a inspirovali se pro dal\u0161\u00ed \u010dinnost.<\/p>\n<p>1930 Ducho\u0148 aktivn\u011b p\u0159isp\u00edval do \u010dasopisu \u201eLoutk\u00e1\u0159\u201c a \u201eNa\u0161e loutky\u201c, kde vych\u00e1zely i jeho loutkov\u00e9 hry. Prvn\u00ed hra, kter\u00e1 vy\u0161la samostatn\u011b byla \u201e\u017di\u017eka u R\u00e1b\u00ed\u201c, kterou pak vys\u00edlal i \u010ceskoslovensk\u00fd rozhlas v Praze, v Bratislav\u011b. Tato hra byla hr\u00e1na v divadle \u201eNa Slupi\u201c v roce 1930.<\/p>\n<p>V sez\u00f3n\u011b 1925\u20131926 bylo uvedeno v Hora\u017e\u010fovic\u00edch devaten\u00e1ct her. P\u0159i p\u0159edstaven\u00ed \u201eStrakonick\u00fd dud\u00e1k\u201c doprov\u00e1zel hrou na dudy Velkoborsk\u00fd dud\u00e1k pan Polena. S velk\u00fdm ohlasem se tak\u00e9 setkalo Mikul\u00e1\u0161sk\u00e9 p\u0159edstaven\u00ed s nad\u00edlkou d\u011btem. V t\u00e9to sez\u00f3n\u011b se tak\u00e9 poda\u0159ilo dostat povolen\u00ed hr\u00e1t v zahradn\u00edm s\u00e1le \u201eNa Modr\u00e9\u201c, co\u017e p\u0159ineslo \u0159adu v\u00fdhod. Nemuseli v\u0161e skl\u00e1dat a odn\u00e1\u0161et, postavili nov\u00e9 jevi\u0161t\u011b, p\u0159idali v\u00fdtahy kulis, p\u0159ed\u011blali osv\u011btlen\u00ed, po\u0159\u00eddili novou oponu (sametovou), vyrobili si police na rekvizity a po\u0159\u00eddili nov\u00e9 lavice k sezen\u00ed v hledi\u0161ti.<\/p>\n<p>Na modr\u00e9 hr\u00e1li pak deset let, ne\u017e byla postavena Sokolovna u hora\u017e\u010fovick\u00e9ho n\u00e1dra\u017e\u00ed.<\/p>\n<p>Jaroslava Duchon\u011b loutka\u0159stv\u00ed uhranulo a vytrvale jej v Hora\u017e\u010fovic\u00edch provozoval nap\u0159. i p\u0159es nep\u0159\u00edze\u0148 po\u010das\u00ed (n\u011bkdy byla v s\u00e1le takov\u00e1 zima, \u017ee nec\u00edtili nitky loutek v prstech). \u0158ada jeho spolupracovn\u00edk\u016f se odst\u011bhovala, v\u011bnovala se sv\u00e9 pr\u00e1ci \u010di prost\u011b stratila z\u00e1jem a tak se stalo i to, \u017ee cel\u00e9 p\u0159edstaven\u00ed odehr\u00e1l pouze se svou setrou Helenou a musel mluvit i \u0161est postav.<\/p>\n<p>V t\u011bchto dob\u00e1ch do Hora\u017e\u010fovic doj\u00ed\u017ed\u00ed hr\u00e1t lidov\u00fd loutk\u00e1\u0159i Josef Skupa, Anton\u00edn Kopeck\u00fd, Josef Kludsk\u00fd, Lagronovi. V ten \u010das, kdy hr\u00e1li v Hora\u017e\u010fovic\u00edch J. Ducho\u0148 se sv\u00fdm souborem nevystupoval, pon\u011bvad\u017e by to byla konkurence lidem, kte\u0159\u00ed se loutkoherectv\u00edm \u017eivili. J. Ducho\u0148 byl \u010dasto \u00fa\u010dasten p\u0159edstaven\u00ed t\u011bchto profesion\u00e1ln\u00edch loutka\u0159\u016f a u\u010dil se od nich.<\/p>\n<p>Na podzim roku 1936 se p\u0159esunula loutkov\u00e9 sc\u00e9na do nov\u011b postaven\u00e9 Sokolovny. Zde vybudovali v\u011bt\u0161\u00ed ot\u00e1\u010div\u00e9 jevi\u0161t\u011b (p. Vr\u00e1na). Loutky musely m\u00edt del\u0161\u00ed dr\u00e1ty i n\u00edt\u011b, museli vym\u011bnit elektrick\u00e9 za\u0159\u00edzen\u00ed a vytvo\u0159it nov\u00e9 kulisy, kter\u00e9 J.Ducho\u0148 po noc\u00edch s\u00e1m maloval v zav\u0159en\u00e9m kr\u00e1m\u011b, kde p\u0159es den prod\u00e1val. Prvn\u00ed hrou v Sokolovn\u011b byla hra J. Duchon\u011b, kter\u00e1 vy\u0161la i tiskem \u2013 Vesel\u00e9 p\u0159\u00edhody ka\u0161p\u00e1rka nezbedy.<\/p>\n<p>V n\u00e1sleduj\u00edc\u00edch letech se n\u011bkdy hr\u00e1lo podstatn\u011b m\u00e9n\u011b nebo\u0165 ve m\u011bst\u011b byly epidemie ch\u0159ipky nebo z\u00e1\u0161krtu, kdy\u017e se ale hr\u00e1lo byla \u00fa\u010dast div\u00e1k\u016f po\u010detn\u00e1. V t\u00e9 dob\u011b d\u00e1vali hray jako&nbsp; Smutn\u00fd princ, Bramborov\u00fd kr\u00e1l, Poklad mistra dratvi\u010dky, \u010carod\u011bj\u016fv ml\u00fdn, O lhav\u00e9 princezn\u011b, O princeznh\u011b zlatovl\u00e1sce, Zvonek kr\u00e1lovny vil, Krakono\u0161ova nad\u00edlka, Vzduchoplavci, \u0160\u00edpkov\u00e1 ru\u017eenka, Kmotry klepny, Sn\u011b\u017eenka, O\u017eiven\u00e1 smrt.<\/p>\n<p>V sez\u00f3n\u011b 1939 \u2013 1940 vypukla druh\u00e1 sv\u011btov\u00e1 v\u00e1lka a do\u0161lo k uzav\u0159en\u00ed divadla. Sokol byl rozpu\u0161t\u011bn, loutkoherci byli p\u0159inuceni odevzdat pokladn\u00ed knihu a hotovost na \u010detnickou stanici a dokonce hrozilo, \u017ee bude cel\u00e9 divadlo odvezeno do N\u011bmecka. K tomu na\u0161t\u011bst\u00ed nedo\u0161lo. P. Ducho\u0148 sepsal s \u010detn\u00edkem protokol, \u017ee do sokolovny zat\u00e9k\u00e1 a \u017ee divadlo je zni\u010deno a nelze zde hr\u00e1t. Nejcenn\u011bj\u0161\u00ed v\u011bci pak ulo\u017eili na p\u016fd\u011b pana Josefa Zahnbauera. V Sokolovn\u011b byl v pr\u016fb\u011bhu v\u00e1lky sklad vojska a tak v\u0161e, co tam zbylo bylo rozbito nebo ukradeno.<\/p>\n<p>P\u0159eru\u0161en\u00ed aktivit loutkoherc\u016f trvalo celou v\u00e1lku a n\u011bkolik let po n\u00ed. V t\u00e9to dob\u011b p\u016fsobil J. Ducho\u0148 ve skautsk\u00e9m divadle, kter\u00e9 p\u016fsobilo v zahradn\u00edm s\u00e1lu na Modr\u00e9. Jaroslav Cvach zakladatel hora\u017e\u010fovick\u00e9ho Jun\u00e1ka (skaut) vy\u0159ezal asi 5 loutek vysok\u00fdch 65cm. S nimi pak hr\u00e1li.<\/p>\n<p>V roce 1950 byla skautsk\u00e1 organizace zru\u0161ena a sn\u00edm skon\u010dila i aktivita jejich divadla.<\/p>\n<p>V roce 1953 byl J. Ducho\u0148 po\u017e\u00e1d\u00e1n p. He\u0159manem \u2013 vedouc\u00edm Pion\u00fdrsk\u00e9ho domu o obnoven\u00ed loutkov\u00e9ho divadla v Sokolovn\u011b. Ducho\u0148ovi se do toho p\u0159\u00edli\u0161 necht\u011blo. V\u0161e se toti\u017e muselo zbudovat v podstat\u011b od z\u00e1kladu. Nakonec se do obnovy pustil. Na dvou k\u00e1r\u00e1ch p\u0159ivezl z p\u016fdy&nbsp; ukryt\u00e9 nejcenn\u011bj\u0161\u00ed v\u011bci a zbytek museli zbudovat znovu. Museli postavit znovu celou konstrukci divadla. Jedin\u00fd, kdo mu v tom pom\u00e1hal byl pr\u00e1v\u011b p. He\u0159man. Po t\u00e9 koupili poz\u016fstalost po zem\u0159el\u00e9m lidov\u00e9m loutk\u00e1\u0159i z Prahy cca 20 p\u011bkn\u011b \u0159ezan\u00fdch loutek 70cm vysok\u00fdch. Z t\u00e9to koup\u011b poch\u00e1z\u00ed zv\u00ed\u0159\u00e1tka pes, koza a divok\u00e9 prase. Pan Ducho\u0148 o sv\u00e9 dovolen\u00e9 vyrobil celou \u0159adu rekvizit \u2013 tr\u016fny, seda\u010dky, kamna, rokokov\u00fd n\u00e1bytek, ml\u00fdnsk\u00e9 kolo, stromy, ke\u0159e, balustr\u00e1dy, z\u00eddky, r\u00e1kos\u00ed, atd.<\/p>\n<p>Franti\u0161ek Sekyra vyrobil me\u010de, d\u00fdky, pu\u0161ky, hole, vy\u0159ezal li\u0161ku, \u017e\u00e1bu, havrana a \u0159adu t\u011bl 70cm, ke kter\u00fdm koupili hlavy \u010darod\u011bjnice, sedl\u00e1ka, poustevn\u00edka, ka\u0161p\u00e1rka, ryt\u00ed\u0159e, princezny, v\u00edli. V t\u00e9 dob\u011b m\u011bli asi 46 loutek a 8-10 zv\u00ed\u0159\u00e1tek. V sez\u00f3n\u011b 1955-1956 odehr\u00e1li 13 her (Pano\u0161 Ji\u0159\u00ed, Princezna a drak, Poh\u00e1dka o rusalce, Krakono\u0161 a zl\u00e1 \u017eena,&nbsp; Zlat\u00fd prsten, Ka\u0161p\u00e1rek se neboj\u00ed \u010di Ducho\u0148ovi hry Lichv\u00e1\u0159, \u010dert a smrt, Trampoty vodn\u00edka \u017dabykucha, P\u0159\u00e1telstv\u00ed nad zlato a S\u016fl nad zlato atd.).<\/p>\n<p>Hereck\u00fd soubor byl obm\u011bn\u011bn stejn\u011b jako vybaven\u00ed divadla. Byly vy\u0159azeny oblouky, sn\u00ed\u017een p\u0159edn\u00ed port\u00e1l, p\u0159ibyly rampy elektrick\u00e9h osv\u011btlen\u00ed, reproduktory a dal\u0161\u00ed novinky.<\/p>\n<p>Ducho\u0148 napsal do roku 1959 asi 50her. Po sez\u00f3n\u011b 1959-1960 byla aktivita loutkoherc\u016f op\u011bt p\u0159eru\u0161ena, proto\u017ee J. Ducho\u0148 byl p\u0159i reorganisaci Jednoty Hora\u017e\u010fovice p\u0159id\u011blen do Su\u0161ice. Musel pak doj\u00ed\u017et\u011bt a nidko dal\u0161\u00ed se nebyl ochoten jeho \u00falohy zhostit. V letech 1961 \u2013 1964 jezdil J. Ducho\u0148 se svou sestrou Helenou po okoln\u00edch vs\u00edch a hr\u00e1l loutkov\u00e9 divadlo.<\/p>\n<p>V roce 1965 byla \u010dinnost souboru o\u017eivena, bylo sehr\u00e1no \u0161est her a t\u0159i estr\u00e1dy. T\u00edmto rokem kon\u010d\u00ed z\u00e1pisy v Kronice loutkov\u00e9ho divadal v Hora\u017e\u010fovic\u00edch i aktivita souboru. Pan Jan Ducho\u0148 zem\u0159el 1.2. 1977, spolu s n\u00edm byl pochov\u00e1na i loutka ka\u0161p\u00e1rka,&nbsp; katerou vy\u0159ezal pan Kulda&#8230;<\/p>\n<p>V z\u00e1\u0159\u00ed 1987 byla tradice loutkov\u00e9ho divadla v Hora\u017e\u010fovic\u00edch obnovena. Bylo to na popud Jaroslava \u010cerven\u00e9ho. V \u010dele st\u00e1la Bo\u017eena Sal\u00e1kov\u00e1. U obnoven\u00ed tradice byl tak\u00e9 Stanislav Sekyra, kter\u00fd d\u00edky sv\u00e9mu otci (vy\u0159ezal v\u011bt\u0161inu t\u011bl loutek) do loutkov\u00e9ho divadla od d\u011btstv\u00ed doch\u00e1zel a pozd\u011bji J. Ducho\u0148ovi tak\u00e9 pom\u00e1hal. Loutkov\u00e9 divadlo se p\u0159est\u011bhovalo do z\u00e1mku, kde s\u00eddlil D\u016fm pion\u00fdr\u016f a tak\u00e9 okresn\u00ed archiv. Pr\u00e1v\u011b v prostoru archivu za\u010dali loutkoherci p\u016fsobit. Prvn\u00ed hrou obnovev\u00e9ho divadla byl \u201eZa\u010darovan\u00fd les\u201c. V prostoru hora\u017e\u010fovick\u00e9ho z\u00e1mku pak p\u016fsobil soubor \u0159adu let.<\/p>\n<p>V roce \u2026. bylo loutkov\u00e9 divadlo p\u0159est\u011bhov\u00e1no z Domu d\u011bt\u00ed a ml\u00e1de\u017ee (b\u00fdval\u00e9ho Dumu pion\u00fdr\u016f) do kina Otava, kde fungovalo do roku 2015. V souboru se vyst\u0159\u00eddalo p\u0159es 60 lid\u00ed a jej\u00edmi princip\u00e1ly byly Bo\u017eena Sal\u00e1kov\u00e1 (1987\u20131995), Miroslav Bl\u00e1ha (1995\u20131997), Michaela Petrusova (1997\u20131998), Bo\u017eena Sal\u00e1kov\u00e1 (1998\u20131999), Stanislav Sekyra (1999\u20132005), Josef Chalupn\u00fd (2005\u2013a\u017e dosud).<\/p>\n<p>Znovuzalo\u017een\u00fd soubor nesl n\u00e1zev Rolni\u010dka a hr\u00e1l klasick\u00e9 poh\u00e1dky pro d\u011bti. Od doby funguje loutkov\u00e9 divadlo pod nov\u00fdm n\u00e1zvem Loutkov\u00e9 divadlo Tyj\u00e1tr Hora\u017e\u010fovice (jeho\u017e sou\u010d\u00e1st\u00ed je i \u010dinohern\u00ed soubor).<\/p>\n<p>N\u011bkter\u00e9 hlavy loutek i rekvizity poch\u00e1z\u00ed od Anton\u00edna M\u00fcnzberga (pr\u016fkopn\u00edka \u010desk\u00e9ho loutk\u00e1\u0159stv\u00ed z Prahy)<\/p>","protected":false},"excerpt":{"rendered":"<p>Historie loutkov\u00e9ho divadla v Hora\u017e\u010fovic\u00edch &nbsp; Na podzim roku 1923 Jan Ducho\u0148 zalo\u017eil s n\u011bkolika nad\u0161en\u00fdmi lidmi loutkov\u00e9 divadlo Sokola v Hora\u017e\u010fovic\u00edch. Vyrobili si sami d\u0159ev\u011bnou skl\u00e1dac\u00ed konstrukci (Bure\u0161 ml.), dekorace na pl\u00e1tn\u011b a oponu (J. Ducho\u0148) a dokonce i loutky o velikosti 50 cm (J. Ducho\u0148, J Zahnbauer). Na loutky u\u0161ily obleky sestry J. [&hellip;]<\/p>\n","protected":false},"author":1,"featured_media":0,"parent":0,"menu_order":0,"comment_status":"closed","ping_status":"closed","template":"","meta":{"ngg_post_thumbnail":0,"spay_email":""},"jetpack_sharing_enabled":true,"jetpack_shortlink":"https:\/\/wp.me\/P8gFte-p","_links":{"self":[{"href":"https:\/\/marionety.muzeumhd.cz\/index.php\/wp-json\/wp\/v2\/pages\/25"}],"collection":[{"href":"https:\/\/marionety.muzeumhd.cz\/index.php\/wp-json\/wp\/v2\/pages"}],"about":[{"href":"https:\/\/marionety.muzeumhd.cz\/index.php\/wp-json\/wp\/v2\/types\/page"}],"author":[{"embeddable":true,"href":"https:\/\/marionety.muzeumhd.cz\/index.php\/wp-json\/wp\/v2\/users\/1"}],"replies":[{"embeddable":true,"href":"https:\/\/marionety.muzeumhd.cz\/index.php\/wp-json\/wp\/v2\/comments?post=25"}],"version-history":[{"count":11,"href":"https:\/\/marionety.muzeumhd.cz\/index.php\/wp-json\/wp\/v2\/pages\/25\/revisions"}],"predecessor-version":[{"id":367,"href":"https:\/\/marionety.muzeumhd.cz\/index.php\/wp-json\/wp\/v2\/pages\/25\/revisions\/367"}],"wp:attachment":[{"href":"https:\/\/marionety.muzeumhd.cz\/index.php\/wp-json\/wp\/v2\/media?parent=25"}],"curies":[{"name":"wp","href":"https:\/\/api.w.org\/{rel}","templated":true}]}}