{"id":5,"date":"2015-07-21T10:25:51","date_gmt":"2015-07-21T08:25:51","guid":{"rendered":"http:\/\/marionety.muzeumhd.cz\/?page_id=5"},"modified":"2015-07-21T11:49:42","modified_gmt":"2015-07-21T09:49:42","slug":"titulni-stranka","status":"publish","type":"page","link":"https:\/\/marionety.muzeumhd.cz\/?lang=cz","title":{"rendered":"Tituln\u00ed str\u00e1nka"},"content":{"rendered":"<p>Tuto str\u00e1nku nemazat!!!<\/p>\n","protected":false},"excerpt":{"rendered":"<p>Tuto str\u00e1nku nemazat!!!<\/p>\n","protected":false},"author":1,"featured_media":0,"parent":0,"menu_order":0,"comment_status":"closed","ping_status":"closed","template":"page-templates\/page-title.php","meta":{"ngg_post_thumbnail":0,"spay_email":""},"jetpack_sharing_enabled":true,"jetpack_shortlink":"https:\/\/wp.me\/P8gFte-5","_links":{"self":[{"href":"https:\/\/marionety.muzeumhd.cz\/index.php\/wp-json\/wp\/v2\/pages\/5"}],"collection":[{"href":"https:\/\/marionety.muzeumhd.cz\/index.php\/wp-json\/wp\/v2\/pages"}],"about":[{"href":"https:\/\/marionety.muzeumhd.cz\/index.php\/wp-json\/wp\/v2\/types\/page"}],"author":[{"embeddable":true,"href":"https:\/\/marionety.muzeumhd.cz\/index.php\/wp-json\/wp\/v2\/users\/1"}],"replies":[{"embeddable":true,"href":"https:\/\/marionety.muzeumhd.cz\/index.php\/wp-json\/wp\/v2\/comments?post=5"}],"version-history":[{"count":5,"href":"https:\/\/marionety.muzeumhd.cz\/index.php\/wp-json\/wp\/v2\/pages\/5\/revisions"}],"predecessor-version":[{"id":11,"href":"https:\/\/marionety.muzeumhd.cz\/index.php\/wp-json\/wp\/v2\/pages\/5\/revisions\/11"}],"wp:attachment":[{"href":"https:\/\/marionety.muzeumhd.cz\/index.php\/wp-json\/wp\/v2\/media?parent=5"}],"curies":[{"name":"wp","href":"https:\/\/api.w.org\/{rel}","templated":true}]}}